{"id":2,"date":"2025-10-01T09:49:41","date_gmt":"2025-10-01T09:49:41","guid":{"rendered":"http:\/\/lagoulette-nancy.com\/?page_id=2"},"modified":"2025-10-04T00:28:45","modified_gmt":"2025-10-04T00:28:45","slug":"a-propos","status":"publish","type":"page","link":"http:\/\/lagoulette-nancy.com\/index.php\/a-propos\/","title":{"rendered":"A propos"},"content":{"rendered":"\n<p><\/p>\n\n\n\n<div class=\"wp-block-group alignfull has-default-background-color has-background has-global-padding is-layout-constrained wp-block-group-is-layout-constrained\" style=\"padding-top:var(--wp--preset--spacing--80);padding-bottom:var(--wp--preset--spacing--80)\">\n<div class=\"wp-block-columns alignwide are-vertically-aligned-center is-layout-flex wp-container-core-columns-is-layout-14cf5ab5 wp-block-columns-is-layout-flex\">\n<div class=\"wp-block-column is-vertically-aligned-center is-layout-flow wp-block-column-is-layout-flow\" style=\"flex-basis:45%\">\n<div class=\"wp-block-group has-global-padding is-layout-constrained wp-container-core-group-is-layout-c19476fc wp-block-group-is-layout-constrained\">\n<div class=\"wp-block-group is-nowrap is-layout-flex wp-container-core-group-is-layout-17c695da wp-block-group-is-layout-flex\">\n<hr class=\"wp-block-separator has-text-color has-primary-color has-alpha-channel-opacity has-primary-background-color has-background wp-container-content-d613cd94\"\/>\n\n\n\n<h6 class=\"wp-block-heading has-text-align-left has-secondary-color has-text-color\" style=\"font-style:normal;font-weight:400;letter-spacing:1px;text-transform:uppercase\">QUI SOMMES NOUS<\/h6>\n<\/div>\n\n\n\n<h2 class=\"wp-block-heading has-text-align-left\">L\u2019Authenticit\u00e9 Tunisienne \u00e0 Nancy<\/h2>\n<\/div>\n\n\n\n<p class=\"has-text-align-left has-medium-font-size\"><\/p>\n\n\n\n<p class=\"has-text-align-left has-small-font-size\" style=\"line-height:1.7\">Bienvenue \u00e0\u00a0<strong>La Goulette Nancy<\/strong>, le restaurant qui vous transporte directement sur les rives de la M\u00e9diterran\u00e9e. Inspir\u00e9 par le c\u00e9l\u00e8bre port tunisien, notre \u00e9tablissement est une v\u00e9ritable ambassade culinaire de la Tunisie, nich\u00e9e au c\u0153ur de Nancy.<\/p>\n\n\n\n<div class=\"wp-block-buttons is-layout-flex wp-block-buttons-is-layout-flex\"><\/div>\n<\/div>\n\n\n\n<div class=\"wp-block-column is-vertically-aligned-center is-layout-flow wp-block-column-is-layout-flow\" style=\"flex-basis:55%\">\n<div class=\"wp-block-group is-content-justification-right is-nowrap is-layout-flex wp-container-core-group-is-layout-65510bc6 wp-block-group-is-layout-flex\">\n<div class=\"wp-block-group has-global-padding is-layout-constrained wp-block-group-is-layout-constrained\">\n<figure class=\"wp-block-image alignright size-full has-custom-border is-style-default\"><img fetchpriority=\"high\" decoding=\"async\" width=\"1600\" height=\"1600\" src=\"http:\/\/lagoulette-nancy.com\/wp-content\/uploads\/2025\/10\/Photo-resto.jpeg\" alt=\"\" class=\"wp-image-91\" style=\"border-radius:5px\" srcset=\"http:\/\/lagoulette-nancy.com\/wp-content\/uploads\/2025\/10\/Photo-resto.jpeg 1600w, http:\/\/lagoulette-nancy.com\/wp-content\/uploads\/2025\/10\/Photo-resto-300x300.jpeg 300w, http:\/\/lagoulette-nancy.com\/wp-content\/uploads\/2025\/10\/Photo-resto-1024x1024.jpeg 1024w, http:\/\/lagoulette-nancy.com\/wp-content\/uploads\/2025\/10\/Photo-resto-150x150.jpeg 150w, http:\/\/lagoulette-nancy.com\/wp-content\/uploads\/2025\/10\/Photo-resto-768x768.jpeg 768w, http:\/\/lagoulette-nancy.com\/wp-content\/uploads\/2025\/10\/Photo-resto-1536x1536.jpeg 1536w\" sizes=\"(max-width: 1600px) 100vw, 1600px\" \/><\/figure>\n<\/div>\n<\/div>\n<\/div>\n<\/div>\n\n\n\n<div class=\"wp-block-columns alignfull is-layout-flex wp-container-core-columns-is-layout-28f84493 wp-block-columns-is-layout-flex\">\n<div class=\"wp-block-column is-layout-flow wp-block-column-is-layout-flow\" style=\"flex-basis:50%\">\n<div class=\"wp-block-cover is-light wp-duotone-midnight\" style=\"min-height:423px;aspect-ratio:unset;\"><img decoding=\"async\" width=\"682\" height=\"1024\" class=\"wp-block-cover__image-background wp-image-87 size-large\" alt=\"\" src=\"http:\/\/lagoulette-nancy.com\/wp-content\/uploads\/2025\/10\/Plats-Traditionnels-682x1024.jpeg\" data-object-fit=\"cover\" srcset=\"http:\/\/lagoulette-nancy.com\/wp-content\/uploads\/2025\/10\/Plats-Traditionnels-682x1024.jpeg 682w, http:\/\/lagoulette-nancy.com\/wp-content\/uploads\/2025\/10\/Plats-Traditionnels-200x300.jpeg 200w, http:\/\/lagoulette-nancy.com\/wp-content\/uploads\/2025\/10\/Plats-Traditionnels-768x1152.jpeg 768w, http:\/\/lagoulette-nancy.com\/wp-content\/uploads\/2025\/10\/Plats-Traditionnels.jpeg 853w\" sizes=\"(max-width: 682px) 100vw, 682px\" \/><span aria-hidden=\"true\" class=\"wp-block-cover__background has-background-dim\" style=\"background-color:#ac8a76\"><\/span><div class=\"wp-block-cover__inner-container is-layout-flow wp-block-cover-is-layout-flow\">\n<figure class=\"wp-block-image aligncenter size-medium is-resized\"><img decoding=\"async\" width=\"300\" height=\"157\" src=\"http:\/\/lagoulette-nancy.com\/wp-content\/uploads\/2025\/10\/Nwasser-300x157.png\" alt=\"\" class=\"wp-image-181\" style=\"width:581px;height:auto\" srcset=\"http:\/\/lagoulette-nancy.com\/wp-content\/uploads\/2025\/10\/Nwasser-300x157.png 300w, http:\/\/lagoulette-nancy.com\/wp-content\/uploads\/2025\/10\/Nwasser-1024x536.png 1024w, http:\/\/lagoulette-nancy.com\/wp-content\/uploads\/2025\/10\/Nwasser-768x402.png 768w, http:\/\/lagoulette-nancy.com\/wp-content\/uploads\/2025\/10\/Nwasser.png 1200w\" sizes=\"(max-width: 300px) 100vw, 300px\" \/><\/figure>\n<\/div><\/div>\n<\/div>\n\n\n\n<div class=\"wp-block-column is-vertically-aligned-center is-layout-flow wp-block-column-is-layout-flow\" style=\"padding-top:1em;padding-right:1em;padding-bottom:1em;padding-left:1em\">\n<div class=\"wp-block-columns is-layout-flex wp-container-core-columns-is-layout-28f84493 wp-block-columns-is-layout-flex\">\n<div class=\"wp-block-column is-layout-flow wp-block-column-is-layout-flow\" style=\"flex-basis:320px\">\n<p class=\"has-small-font-size\" style=\"line-height:1.6\"><strong>La Goulette Nancy : Votre escale gourmande en Tunisie, au c\u0153ur de Nancy.<\/strong><\/p>\n\n\n\n<p class=\"has-text-align-left\">Plongez dans l&#8217;authenticit\u00e9 des saveurs tunisiennes sans quitter la Lorraine. Chez <strong>La Goulette Nancy<\/strong>, nous c\u00e9l\u00e9brons la richesse et la convivialit\u00e9 de la cuisine traditionnelle. D\u00e9gustez nos incontournables : le <strong>Couscous<\/strong> parfum\u00e9, le <strong>Kafteji<\/strong> savoureux, le <strong>Poisson frais<\/strong> fa\u00e7on m\u00e9diterran\u00e9enne, ou encore le fameux <strong>Pain Tabouna<\/strong> cuit au four traditionnel.<\/p>\n\n\n\n<p class=\"has-small-font-size\" style=\"line-height:1.6\"><strong>Tradition, partage et soleil dans l&#8217;assiette. Bienvenue \u00e0 La Goulette Nancy !<\/strong><\/p>\n<\/div>\n<\/div>\n<\/div>\n<\/div>\n\n\n\n<p><\/p>\n\n\n\n<h3 class=\"wp-block-heading alignwide\">Notre Cuisine : Un Voyage Traditionnel<\/h3>\n\n\n\n<div class=\"wp-block-columns alignwide is-layout-flex wp-container-core-columns-is-layout-28f84493 wp-block-columns-is-layout-flex\">\n<div class=\"wp-block-column is-layout-flow wp-block-column-is-layout-flow\" style=\"flex-basis:100%\">\n<p>Nous nous engageons \u00e0 vous faire d\u00e9couvrir les <strong>saveurs ancestrales<\/strong> de la cuisine tunisienne. Chaque plat est pr\u00e9par\u00e9 avec des ingr\u00e9dients frais, s\u00e9lectionn\u00e9s avec soin, et suivant des <strong>recettes familiales<\/strong> transmises de g\u00e9n\u00e9ration en g\u00e9n\u00e9ration. Laissez-vous s\u00e9duire par l&#8217;explosion d&#8217;\u00e9pices douces et le go\u00fbt ensoleill\u00e9 de nos sp\u00e9cialit\u00e9s :<\/p>\n\n\n\n<p><strong>Le Couscous Royal :<\/strong> Un classique pr\u00e9par\u00e9 dans les r\u00e8gles de l&#8217;art, richement garni.<\/p>\n\n\n\n<p><strong>Les Grillades Parfum\u00e9es :<\/strong> Viandes et poissons marin\u00e9s aux \u00e9pices tunisiennes.<\/p>\n\n\n\n<p><strong>Le Kafteji :<\/strong> Ce plat embl\u00e9matique \u00e0 base de l\u00e9gumes frits et d&#8217;\u0153ufs.<\/p>\n\n\n\n<p><strong>La P\u00e2tisserie Tunisienne :<\/strong> Une touche de douceur pour terminer le repas.<\/p>\n\n\n\n<p><\/p>\n\n\n\n<h2 class=\"wp-block-heading\">Un Cadre Chaleureux et Convivial<\/h2>\n\n\n\n<p><strong>La Goulette Nancy<\/strong> est plus qu&#8217;un restaurant, c&#8217;est un lieu de <strong>partage<\/strong> et de <strong>convivialit\u00e9<\/strong>, fid\u00e8le \u00e0 l&#8217;hospitalit\u00e9 tunisienne. Que vous veniez en famille, entre amis ou pour un d\u00e9jeuner d&#8217;affaires, nous vous offrons une ambiance chaleureuse et d\u00e9paysante pour une exp\u00e9rience inoubliable<\/p>\n\n\n\n<p><strong>Venez partager un moment de soleil et de tradition. Toute l&#8217;\u00e9quipe de La Goulette Nancy vous attend !<\/strong><\/p>\n<\/div>\n<\/div>\n\n\n\n<p><\/p>\n<\/div>\n","protected":false},"excerpt":{"rendered":"<p>QUI SOMMES NOUS L\u2019Authenticit\u00e9 Tunisienne \u00e0 Nancy Bienvenue \u00e0\u00a0La Goulette Nancy, le restaurant qui vous transporte directement sur les rives de la M\u00e9diterran\u00e9e. Inspir\u00e9 par le c\u00e9l\u00e8bre port tunisien, notre \u00e9tablissement est une v\u00e9ritable ambassade culinaire de la Tunisie, nich\u00e9e au c\u0153ur de Nancy. La Goulette Nancy : Votre escale gourmande en Tunisie, au c\u0153ur [&hellip;]<\/p>\n","protected":false},"author":1,"featured_media":0,"parent":0,"menu_order":0,"comment_status":"closed","ping_status":"closed","template":"","meta":{"_eb_attr":"","_price":"","_stock":"","_tribe_ticket_header":"","_tribe_default_ticket_provider":"","_tribe_ticket_capacity":"0","_ticket_start_date":"","_ticket_end_date":"","_tribe_ticket_show_description":"","_tribe_ticket_show_not_going":false,"_tribe_ticket_use_global_stock":"","_tribe_ticket_global_stock_level":"","_global_stock_mode":"","_global_stock_cap":"","_tribe_rsvp_for_event":"","_tribe_ticket_going_count":"","_tribe_ticket_not_going_count":"","_tribe_tickets_list":"[]","_tribe_ticket_has_attendee_info_fields":false,"footnotes":"[]","_tec_slr_enabled":"","_tec_slr_layout":""},"class_list":["post-2","page","type-page","status-publish","hentry"],"ticketed":false,"_links":{"self":[{"href":"http:\/\/lagoulette-nancy.com\/index.php\/wp-json\/wp\/v2\/pages\/2","targetHints":{"allow":["GET"]}}],"collection":[{"href":"http:\/\/lagoulette-nancy.com\/index.php\/wp-json\/wp\/v2\/pages"}],"about":[{"href":"http:\/\/lagoulette-nancy.com\/index.php\/wp-json\/wp\/v2\/types\/page"}],"author":[{"embeddable":true,"href":"http:\/\/lagoulette-nancy.com\/index.php\/wp-json\/wp\/v2\/users\/1"}],"replies":[{"embeddable":true,"href":"http:\/\/lagoulette-nancy.com\/index.php\/wp-json\/wp\/v2\/comments?post=2"}],"version-history":[{"count":14,"href":"http:\/\/lagoulette-nancy.com\/index.php\/wp-json\/wp\/v2\/pages\/2\/revisions"}],"predecessor-version":[{"id":184,"href":"http:\/\/lagoulette-nancy.com\/index.php\/wp-json\/wp\/v2\/pages\/2\/revisions\/184"}],"wp:attachment":[{"href":"http:\/\/lagoulette-nancy.com\/index.php\/wp-json\/wp\/v2\/media?parent=2"}],"curies":[{"name":"wp","href":"https:\/\/api.w.org\/{rel}","templated":true}]}}